{"id":5152,"date":"2017-06-24T12:30:10","date_gmt":"2017-06-24T12:30:10","guid":{"rendered":"https:\/\/tusecretariatecnica.com\/full-screen-video-mp\/"},"modified":"2023-07-18T07:29:11","modified_gmt":"2023-07-18T07:29:11","slug":"full-screen-video-mp","status":"publish","type":"page","link":"https:\/\/tusecretariatecnica.com\/en\/","title":{"rendered":"Full Screen Video MP"},"content":{"rendered":"<div class=\"wpb-content-wrapper\"><p>[vc_row][vc_column]\n\t\t\t<!-- START Full Screen Video REVOLUTION SLIDER 6.6.20 --><p class=\"rs-p-wp-fix\"><\/p>\n\t\t\t<rs-module-wrap id=\"rev_slider_1_1_wrapper\" data-source=\"gallery\" style=\"visibility:hidden;background:transparent;padding:0;\">\n\t\t\t\t<rs-module id=\"rev_slider_1_1\" style=\"\" data-version=\"6.6.20\">\n\t\t\t\t\t<rs-slides style=\"overflow: hidden; position: absolute;\">\n\t\t\t\t\t\t<rs-slide style=\"position: absolute;\" data-key=\"rs-1\" data-title=\"Slide\" data-anim=\"ms:600;\" data-in=\"o:0;\" data-out=\"a:false;\">\n\t\t\t\t\t\t\t<img fetchpriority=\"high\" decoding=\"async\" src=\"\/\/tusecretariatecnica.com\/wp-content\/plugins\/revslider\/public\/assets\/assets\/dummy.png\" alt=\"\" title=\"Sitio web de una sola p\u00e1gina de pr\u00f3ximamente futurista oscuro en negro y blanco\" width=\"1366\" height=\"768\" class=\"rev-slidebg tp-rs-img rs-lazyload\" data-lazyload=\"\/\/tusecretariatecnica.com\/wp-content\/uploads\/2024\/09\/Sitio-web-de-una-sola-pagina-de-proximamente-futurista-oscuro-en-negro-y-blanco.svg\" data-no-retina>\n<!--\n\t\t\t\t\t\t\t--><span\n\t\t\t\t\t\t\t\tid=\"slider-1-slide-1-layer-4\" \n\t\t\t\t\t\t\t\tclass=\"rs-layer\"\n\t\t\t\t\t\t\t\tdata-type=\"text\"\n\t\t\t\t\t\t\t\tdata-color=\"rgba(153, 153, 153, 1)\"\n\t\t\t\t\t\t\t\tdata-xy=\"x:c;y:b;yo:72px,71px,88px,0;\"\n\t\t\t\t\t\t\t\tdata-text=\"s:40;l:22;\"\n\t\t\t\t\t\t\t\tdata-vbility=\"t,t,f,f\"\n\t\t\t\t\t\t\t\tdata-actions='o:click;a:scrollbelow;offset:80%;sp:300;e:none;'\n\t\t\t\t\t\t\t\tdata-rsp_o=\"off\"\n\t\t\t\t\t\t\t\tdata-rsp_bd=\"off\"\n\t\t\t\t\t\t\t\tdata-frame_1=\"e:power2.inOut;st:5000;sp:700;sR:5000;\"\n\t\t\t\t\t\t\t\tdata-frame_999=\"o:0;e:nothing;st:w;sR:3300;\"\n\t\t\t\t\t\t\t\tdata-frame_hover=\"c:#fff;bor:0px,0px,0px,0px;oX:50;oY:50;sp:350;\"\n\t\t\t\t\t\t\t\tstyle=\"z-index:9;font-family:'Roboto';cursor:pointer;\"\n\t\t\t\t\t\t\t><span class=\"linea-basic-magic-mouse\"><\/span> \n\t\t\t\t\t\t\t<\/span><!--\n-->\t\t\t\t\t\t<\/rs-slide>\n\t\t\t\t\t<\/rs-slides>\n\t\t\t\t<\/rs-module>\n\t\t\t\t<script>\n\t\t\t\t\tsetREVStartSize({c: 'rev_slider_1_1',rl:[1240,1024,778,480],el:[868,768,960,720],gw:[1240,1170,900,480],gh:[868,768,960,720],type:'hero',justify:'',layout:'fullscreen',offsetContainer:'',offset:'',mh:\"0\"});if (window.RS_MODULES!==undefined && window.RS_MODULES.modules!==undefined && window.RS_MODULES.modules[\"revslider11\"]!==undefined) {window.RS_MODULES.modules[\"revslider11\"].once = false;window.revapi1 = undefined;if (window.RS_MODULES.checkMinimal!==undefined) window.RS_MODULES.checkMinimal()}\n\t\t\t\t<\/script>\n\t\t\t<\/rs-module-wrap>\n\t\t\t<!-- END REVOLUTION SLIDER -->\n[\/vc_column][\/vc_row][vc_row][vc_column][vc_empty_space height=&#8221;160px&#8221;][vc_column_text]<\/p>\n<h1 style=\"text-align: center;\">What do we do?<\/h1>\n<p style=\"text-align: center;\">We are facilitators of change through the transformation of work processes and the HR that execute them, with the effective integration of technology.<\/p>\n<p>[\/vc_column_text][vc_empty_space][\/vc_column][\/vc_row][vc_row][vc_column][vc_empty_space height=&#8221;90px&#8221;][vc_column_text]<\/p>\n<h1 style=\"text-align: center;\">Who do we work with?<\/h1>\n<p>[\/vc_column_text][vc_empty_space][\/vc_column][\/vc_row][vc_row row_type=&#8221;full-width&#8221; parallax=&#8221;static&#8221; parallax_image=&#8221;2263&#8243; parallax_speed_bg=&#8221;2.5&#8243;][vc_column width=&#8221;1\/3&#8243; css=&#8221;.vc_custom_1488999675176{background-color: rgba(17,17,17,0.65) !important;*background-color: rgb(17,17,17) !important;}&#8221;][vc_empty_space]\r\n        <div class=\"circles-counters \">\r\n            <div class=\"circle-item\">\r\n                <div class=\"chart\" data-line-width=\"2\" data-bar-color=\"#f8f8f8\" data-percent=\"100\">\r\n                    <span class=\"circle-icon linea-basic-bolt\" style=\"color: #ececec\";><\/span>\r\n                <\/div>\r\n                <span class=\"circle-text\" > <b>EMPRENDERS<\/b> <\/span>\r\n            <\/div>\r\n        <\/div>[vc_empty_space][\/vc_column][vc_column width=&#8221;1\/3&#8243;][vc_empty_space]\r\n        <div class=\"circles-counters \">\r\n            <div class=\"circle-item\">\r\n                <div class=\"chart\" data-line-width=\"2\" data-bar-color=\"#f8f8f8\" data-percent=\"100\">\r\n                    <span class=\"circle-icon et-toolbox\" style=\"color: #ececec\";><\/span>\r\n                <\/div>\r\n                <span class=\"circle-text\" > <b>ENTREPRENEURS<\/b> <\/span>\r\n            <\/div>\r\n        <\/div>[vc_empty_space][\/vc_column][vc_column width=&#8221;1\/3&#8243;][vc_empty_space]\r\n        <div class=\"circles-counters \">\r\n            <div class=\"circle-item\">\r\n                <div class=\"chart\" data-line-width=\"2\" data-bar-color=\"#f8f8f8\" data-percent=\"100\">\r\n                    <span class=\"circle-icon et-puzzle\" style=\"color: #ececec\";><\/span>\r\n                <\/div>\r\n                <span class=\"circle-text\" > <b>ENTITIES<\/b> <\/span>\r\n            <\/div>\r\n        <\/div>[vc_empty_space][\/vc_column][\/vc_row][vc_row][vc_column][vc_empty_space height=&#8221;160px&#8221;][vc_column_text]<\/p>\n<h1 style=\"text-align: center;\">Let&#8217;s build your dream<\/h1>\n<h2 style=\"text-align: center;\">WE CAN DO IT TOGETHER<\/h2>\n<p>[\/vc_column_text][vc_empty_space][\/vc_column][\/vc_row][vc_row el_id=&#8221;prueba&#8221;][vc_column width=&#8221;1\/3&#8243;]\r\n        <div class=\"wow fadeInLeftSmall\"  data-wow-duration=\"1.5s\" data-wow-delay=\"0.5s\">[vc_empty_space height=&#8221;150px&#8221;]\r\n        <div class=\"ft-x right-align \">\r\n            <div class=\"ft-item ft-material\">\r\n                <span class=\"et-global\" ><\/span>\r\n                <h5  >We are committed to innovation<\/h5>\r\n                <p>We help our clients to boost their technological processes by putting people at the center.<\/p>\r\n            <\/div>\r\n        <\/div>[vc_empty_space height=&#8221;70px&#8221;]\r\n        <div class=\"ft-x right-align \">\r\n            <div class=\"ft-item ft-material\">\r\n                <span class=\"fa fa-television\" ><\/span>\r\n                <h5  >Facilitating transformation<\/h5>\r\n                <p>Through the work processes and the HR that execute them with the effective integration of technology.<\/p>\r\n            <\/div>\r\n        <\/div><\/div>[\/vc_column][vc_column width=&#8221;1\/3&#8243;]\r\n        <div class=\"wow fadeInUp\"  data-wow-duration=\"1s\" data-wow-delay=\"0s\">[vc_single_image image=&#8221;4785&#8243; img_size=&#8221;full&#8221; alignment=&#8221;center&#8221; css_animation=&#8221;fadeIn&#8221;]<\/div>[\/vc_column][vc_column width=&#8221;1\/3&#8243;]\r\n        <div class=\"wow fadeInRightSmall\"  data-wow-duration=\"1.5s\" data-wow-delay=\"0.5s\">[vc_empty_space height=&#8221;150px&#8221;]\r\n        <div class=\"ft-x \">\r\n            <div class=\"ft-item ft-material\">\r\n                <span class=\"fa fa-pied-piper\" ><\/span>\r\n                <h5  >We accompany you in every process<\/h5>\r\n                <p>We support each organization by identifying and solving the challenges they face at each stage.<\/p>\r\n            <\/div>\r\n        <\/div>[vc_empty_space height=&#8221;70px&#8221;]\r\n        <div class=\"ft-x \">\r\n            <div class=\"ft-item ft-material\">\r\n                <span class=\"fa fa-star\" ><\/span>\r\n                <h5  >We define the best financial strategy<\/h5>\r\n                <p>We obtain public and bank financing and tax benefits for companies.<\/p>\r\n            <\/div>\r\n        <\/div><\/div>[\/vc_column][\/vc_row][vc_row][vc_column][vc_empty_space height=&#8221;60px&#8221;][\/vc_column][\/vc_row][vc_row row_type=&#8221;full-width&#8221; parallax=&#8221;content-moving&#8221; parallax_image=&#8221;2248&#8243; parallax_speed_bg=&#8221;3.5&#8243;][vc_column width=&#8221;1\/4&#8243; css=&#8221;.vc_custom_1581578859176{background-color: rgba(17,17,17,0.55) !important;*background-color: rgb(17,17,17) !important;}&#8221;][vc_empty_space]\r\n        <div class=\"circles-counters \">\r\n            <div class=\"circle-item\">\r\n                <div class=\"chart\" data-line-width=\"3\" data-bar-color=\"#f8f8f8\" data-percent=\"100\">\r\n                    <span class=\"circle-icon et-lightbulb\" style=\"color: #ececec\";><\/span>\r\n                <\/div>\r\n                <span class=\"circle-text\" >Consulting<\/span>\r\n            <\/div>\r\n        <\/div>[vc_empty_space][\/vc_column][vc_column width=&#8221;1\/4&#8243; css=&#8221;.vc_custom_1498254450024{background-color: rgba(17,17,17,0.55) !important;*background-color: rgb(17,17,17) !important;}&#8221;][vc_empty_space]\r\n        <div class=\"circles-counters \">\r\n            <div class=\"circle-item\">\r\n                <div class=\"chart\" data-line-width=\"2\" data-bar-color=\"#f8f8f8\" data-percent=\"100\">\r\n                    <span class=\"circle-icon linea-basic-display\" style=\"color: #ececec\";><\/span>\r\n                <\/div>\r\n                <span class=\"circle-text\" >Development<\/span>\r\n            <\/div>\r\n        <\/div>[vc_empty_space][\/vc_column][vc_column width=&#8221;1\/4&#8243; css=&#8221;.vc_custom_1498254473547{background-color: rgba(17,17,17,0.55) !important;*background-color: rgb(17,17,17) !important;}&#8221;][vc_empty_space]\r\n        <div class=\"circles-counters \">\r\n            <div class=\"circle-item\">\r\n                <div class=\"chart\" data-line-width=\"2\" data-bar-color=\"#f8f8f8\" data-percent=\"100\">\r\n                    <span class=\"circle-icon et-linegraph\" style=\"color: #ececec\";><\/span>\r\n                <\/div>\r\n                <span class=\"circle-text\" >Financing<\/span>\r\n            <\/div>\r\n        <\/div>[vc_empty_space][\/vc_column][vc_column width=&#8221;1\/4&#8243; css=&#8221;.vc_custom_1498254483233{background-color: rgba(17,17,17,0.55) !important;*background-color: rgb(17,17,17) !important;}&#8221;][vc_empty_space]\r\n        <div class=\"circles-counters \">\r\n            <div class=\"circle-item\">\r\n                <div class=\"chart\" data-line-width=\"2\" data-bar-color=\"#f8f8f8\" data-percent=\"100\">\r\n                    <span class=\"circle-icon et-book-open\" style=\"color: #ececec\";><\/span>\r\n                <\/div>\r\n                <span class=\"circle-text\" >Training<\/span>\r\n            <\/div>\r\n        <\/div>[vc_empty_space][\/vc_column][\/vc_row][vc_row row_type=&#8221;full-width&#8221; el_id=&#8221;trabajos&#8221;][vc_column no_gap_check=&#8221;no-gap&#8221;][vc_empty_space height=&#8221;160px&#8221;][vc_column_text]<\/p>\n<h1 style=\"text-align: center;\">Some of our projects<\/h1>\n<h2 style=\"text-align: center;\">Every customer is our priority<\/h2>\n<p>[\/vc_column_text][vc_empty_space]\r\n    \t\r\n    \t<div id=\"pfolio\" class=\"portfolio-columns-fw \">\r\n\t        <div class=\"portfolio-item col-md-4 Congresos\">\r\n\t        \t<div class=\"p-wrapper hover-default\">\r\n\t        \t\t<img decoding=\"async\" src=\"https:\/\/tusecretariatecnica.com\/wp-content\/uploads\/2020\/02\/smartworks-coworking-Uz8THWPXwhI-unsplash-scaled.jpg\" alt=\"ARCHIVE MANAGEMENT\" \/>\r\n\t        \t\t<div class=\"p-hover\">\r\n\t        \t\t\t<div class=\"p-content\">\r\n\t        \t\t\t\t<h4>ARCHIVE MANAGEMENT<\/h4>\r\n\t        \t\t\t\t<h6 class=\"subheading\">Proceso de desarrollo del proyecto de gesti\u00f3n documental y de archivo para la Conseller\u00eda de Econom\u00eda, Emprego e Industria de la Xunta de Galicia.<\/h6>\r\n\t        \t\t\t<\/div>\r\n\t        \t\t<\/div>\r\n\t        \t\t<a class=\"open-btn\" href=\"#\" title=\"\"><i class=\"fa fa-expand\"><\/i><\/a>\r\n\t        \t<\/div>\r\n\t        <\/div>\r\n\t        <div class=\"portfolio-item col-md-4 Eventos\">\r\n\t        \t<div class=\"p-wrapper hover-default\">\r\n\t        \t\t<img decoding=\"async\" src=\"https:\/\/tusecretariatecnica.com\/wp-content\/uploads\/2020\/02\/antenna-ohNCIiKVT1g-unsplash-scaled.jpg\" alt=\"LEARNING IN INFORMATION MANAGEMENT\" \/>\r\n\t        \t\t<div class=\"p-hover\">\r\n\t        \t\t\t<div class=\"p-content\">\r\n\t        \t\t\t\t<h4>LEARNING IN INFORMATION MANAGEMENT<\/h4>\r\n\t        \t\t\t\t<h6 class=\"subheading\">Taller de aprendizaje sobre la gesti\u00f3n de informaci\u00f3n dentro de los procesos de transformaci\u00f3n digital en las entidades.<\/h6>\r\n\t        \t\t\t<\/div>\r\n\t        \t\t<\/div>\r\n\t        \t\t<a class=\"open-btn\" href=\"#\" title=\"\"><i class=\"fa fa-expand\"><\/i><\/a>\r\n\t        \t<\/div>\r\n\t        <\/div>\r\n\t        <div class=\"portfolio-item col-md-4 Eventos\">\r\n\t        \t<div class=\"p-wrapper hover-default\">\r\n\t        \t\t<img decoding=\"async\" src=\"https:\/\/tusecretariatecnica.com\/wp-content\/uploads\/2020\/02\/you-x-ventures-Oalh2MojUuk-unsplash-scaled.jpg\" alt=\"DOCUMENT MANAGEMENT\" \/>\r\n\t        \t\t<div class=\"p-hover\">\r\n\t        \t\t\t<div class=\"p-content\">\r\n\t        \t\t\t\t<h4>DOCUMENT MANAGEMENT<\/h4>\r\n\t        \t\t\t\t<h6 class=\"subheading\">Creaci\u00f3n del Modelo de Referencia para la Gesti\u00f3n Documental del Gobierno de Panam\u00e1.<\/h6>\r\n\t        \t\t\t<\/div>\r\n\t        \t\t<\/div>\r\n\t        \t\t<a class=\"open-btn\" href=\"#\" title=\"\"><i class=\"fa fa-expand\"><\/i><\/a>\r\n\t        \t<\/div>\r\n\t        <\/div>\r\n\t        <div class=\"portfolio-item col-md-4 Cursos\">\r\n\t        \t<div class=\"p-wrapper hover-default\">\r\n\t        \t\t<img decoding=\"async\" src=\"https:\/\/tusecretariatecnica.com\/wp-content\/uploads\/2020\/02\/PALEXCO-1-80-1-25-1-scaled.jpg\" alt=\"EVENT MANAGEMENT\" \/>\r\n\t        \t\t<div class=\"p-hover\">\r\n\t        \t\t\t<div class=\"p-content\">\r\n\t        \t\t\t\t<h4>EVENT MANAGEMENT<\/h4>\r\n\t        \t\t\t\t<h6 class=\"subheading\">Gesti\u00f3n y organizaci\u00f3n del F\u00f3rum RIES19 del Cluster Sa\u00fade de Galicia.<\/h6>\r\n\t        \t\t\t<\/div>\r\n\t        \t\t<\/div>\r\n\t        \t\t<a class=\"open-btn\" href=\"#\" title=\"\"><i class=\"fa fa-expand\"><\/i><\/a>\r\n\t        \t<\/div>\r\n\t        <\/div>\r\n\t        <div class=\"portfolio-item col-md-4 Talleres\">\r\n\t        \t<div class=\"p-wrapper hover-default\">\r\n\t        \t\t<img decoding=\"async\" src=\"https:\/\/tusecretariatecnica.com\/wp-content\/uploads\/2020\/02\/campaign-creators-gMsnXqILjp4-unsplash-scaled.jpg\" alt=\"SOFTWARE DEVELOPMENT\" \/>\r\n\t        \t\t<div class=\"p-hover\">\r\n\t        \t\t\t<div class=\"p-content\">\r\n\t        \t\t\t\t<h4>SOFTWARE DEVELOPMENT<\/h4>\r\n\t        \t\t\t\t<h6 class=\"subheading\">Dise\u00f1o y desarrollo del aplicativo para la gesti\u00f3n del Archivo Judicial del Ministerio de Justicia en Melilla.<\/h6>\r\n\t        \t\t\t<\/div>\r\n\t        \t\t<\/div>\r\n\t        \t\t<a class=\"open-btn\" href=\"#\" title=\"\"><i class=\"fa fa-expand\"><\/i><\/a>\r\n\t        \t<\/div>\r\n\t        <\/div>\r\n\t        <div class=\"portfolio-item col-md-4 Talleres\">\r\n\t        \t<div class=\"p-wrapper hover-default\">\r\n\t        \t\t<img decoding=\"async\" src=\"https:\/\/tusecretariatecnica.com\/wp-content\/uploads\/2020\/02\/annie-spratt-QckxruozjRg-unsplash-scaled.jpg\" alt=\"FOCUS GROUP ON TELEWORKING APPLICATION\" \/>\r\n\t        \t\t<div class=\"p-hover\">\r\n\t        \t\t\t<div class=\"p-content\">\r\n\t        \t\t\t\t<h4>FOCUS GROUP ON TELEWORKING APPLICATION<\/h4>\r\n\t        \t\t\t\t<h6 class=\"subheading\">Desarrollo de aplicativo para teletrabajo en las entidades, para la empresa Derelca.<\/h6>\r\n\t        \t\t\t<\/div>\r\n\t        \t\t<\/div>\r\n\t        \t\t<a class=\"open-btn\" href=\"#\" title=\"\"><i class=\"fa fa-expand\"><\/i><\/a>\r\n\t        \t<\/div>\r\n\t        <\/div><\/div>[\/vc_column][\/vc_row][vc_row row_type=&#8221;full-width&#8221; parallax=&#8221;content-moving&#8221; parallax_image=&#8221;2906&#8243; parallax_speed_bg=&#8221;3.5&#8243; el_id=&#8221;clientes&#8221;][vc_column css=&#8221;.vc_custom_1498255149154{background-color: rgba(17,17,17,0.5) !important;*background-color: rgb(17,17,17) !important;}&#8221;][vc_empty_space][vc_column_text]<\/p>\n<h1 style=\"text-align: center;\">They trust us<\/h1>\n<p>[\/vc_column_text][vc_empty_space]\r\n    \r\n    <div class=\"t-slider-wrapper\">\r\n        <div class=\"t-slider arrows-hover-only \"  data-autoplay=\"true\" data-autoplay_speed=\"4000\" data-adaptive_height=\"true\"><blockquote><p>&#8220;Progress is impossible without change and those who cannot change their minds cannot change anything.&#8221;<\/p>\n\r\n                <span class=\"et-quote t-type\"><\/span>\r\n\t\t        <footer>\r\n\t\t        \t<cite>\r\n\t\t        \t\t<h5 class=\"h-alt\">George Bernard Shaw<\/h5>\r\n\t\t        \t\t<h5><\/h5>\r\n\t\t        \t<\/cite>\r\n\t\t        <\/footer>\r\n\t\t    <\/blockquote><blockquote><p>&#8220;Leadership is the ability to transform vision into reality.&#8221;<\/p>\n\r\n                <span class=\"et-quote t-type\"><\/span>\r\n\t\t        <footer>\r\n\t\t        \t<cite>\r\n\t\t        \t\t<h5 class=\"h-alt\">Warren Bennis<\/h5>\r\n\t\t        \t\t<h5><\/h5>\r\n\t\t        \t<\/cite>\r\n\t\t        <\/footer>\r\n\t\t    <\/blockquote><blockquote><p>&#8220;Setting goals is the first step in transforming the invisible into the visible.&#8221;<\/p>\n\r\n                <span class=\"et-quote t-type\"><\/span>\r\n\t\t        <footer>\r\n\t\t        \t<cite>\r\n\t\t        \t\t<h5 class=\"h-alt\">Anthony Robbins<\/h5>\r\n\t\t        \t\t<h5><\/h5>\r\n\t\t        \t<\/cite>\r\n\t\t        <\/footer>\r\n\t\t    <\/blockquote><\/div>\r\n    <\/div>\r\n    \r\n    <div class=\"t-clients-wrapper\">\r\n        <ul class=\"t-clients clients-slider \"  data-autoplay=\"true\" data-autoplay_speed=\"3500\" data-slides_to_show=\"5\" data-slides_to_scroll=\"1\">\r\n\t\t\t<li><img decoding=\"async\" src=\"https:\/\/tusecretariatecnica.com\/wp-content\/uploads\/2020\/02\/logo-3-1-e1581599493788.png\" alt=\"\" \/><\/li><li><img decoding=\"async\" src=\"https:\/\/tusecretariatecnica.com\/wp-content\/uploads\/2020\/02\/1200px-Imagotip_de_la_Generalitat_Valenciana.svg_-1-e1581599732394.png\" alt=\"\" \/><\/li><li><img decoding=\"async\" src=\"https:\/\/tusecretariatecnica.com\/wp-content\/uploads\/2020\/02\/Logotipo_de_la_Junta_de_Andaluc\u00eda.svg_-e1581600356400.png\" alt=\"\" \/><\/li><li><img decoding=\"async\" src=\"https:\/\/tusecretariatecnica.com\/wp-content\/uploads\/2020\/02\/zertifika-e1581606947685.png\" alt=\"\" \/><\/li><li><img decoding=\"async\" src=\"https:\/\/tusecretariatecnica.com\/wp-content\/uploads\/2020\/02\/Logo_Gobierno_de_la_Rep\u00fablica_de_Panam\u00e1-1-e1581607156153.png\" alt=\"\" \/><\/li><li><a href=\"http:\/\/definity.dev\/full-screen-slider-mp\/\" title=\"\" ><img decoding=\"async\" src=\"https:\/\/tusecretariatecnica.com\/wp-content\/uploads\/2020\/02\/Logo_vaciado_transp_blanco-e1581608242621.png\" alt=\"\" \/><\/a><\/li><li><img decoding=\"async\" src=\"https:\/\/tusecretariatecnica.com\/wp-content\/uploads\/2020\/02\/2032631f8c36c9457320fdb09626d863-e1581608531153.png\" alt=\"\" \/><\/li><li><img decoding=\"async\" src=\"https:\/\/tusecretariatecnica.com\/wp-content\/uploads\/2020\/02\/marca-transp-e1581607852492.png\" alt=\"\" \/><\/li><li><img decoding=\"async\" src=\"https:\/\/tusecretariatecnica.com\/wp-content\/uploads\/2020\/02\/Logotipo_del_Ministerio_de_Justicia.svg_-e1581608980764.png\" alt=\"\" \/><\/li><\/ul>\r\n    <\/div>[vc_empty_space height=&#8221;100px&#8221;][\/vc_column][\/vc_row][vc_row row_type=&#8221;full-width&#8221; background=&#8221;#222222&#8243;][vc_column][vc_empty_space height=&#8221;160px&#8221;][\/vc_column][\/vc_row][vc_row row_type=&#8221;full-width&#8221; background=&#8221;#222222&#8243; el_id=&#8221;contacto&#8221;][vc_column width=&#8221;1\/3&#8243;][vc_empty_space][vc_column_text]<\/p>\n<h2 style=\"text-align: center;\"><span style=\"color: #ffffff;\">Phone<\/span><\/h2>\n<p style=\"text-align: center;\"><span style=\"color: #ffffff;\">+34 678 672 031<\/span><\/p>\n<p>[\/vc_column_text][vc_empty_space][\/vc_column][vc_column width=&#8221;1\/3&#8243;][vc_empty_space][vc_column_text]<\/p>\n<h2 style=\"text-align: center;\"><span style=\"color: #ffffff;\">Location<\/span><\/h2>\n<p style=\"text-align: center;\"><span style=\"color: #ffffff;\">A Coru\u00f1a<\/span><\/p>\n<p>[\/vc_column_text][vc_empty_space][\/vc_column][vc_column width=&#8221;1\/3&#8243;][vc_empty_space][vc_column_text]<\/p>\n<h2 style=\"text-align: center;\"><span style=\"color: #ffffff;\">Email<\/span><\/h2>\n<p style=\"text-align: center;\"><span style=\"color: #ffffff;\">gestion@tusecretariatecnica.com<\/span><\/p>\n<p>[\/vc_column_text][vc_empty_space][\/vc_column][\/vc_row]<\/p>\n<\/div>","protected":false},"excerpt":{"rendered":"<p>[vc_row][vc_column][\/vc_column][\/vc_row][vc_row][vc_column][vc_empty_space height=&#8221;160px&#8221;][vc_column_text] What do we do? We are facilitators of change through the transformation of work processes and the HR that execute &hellip; <\/p>\n<p><a href=\"https:\/\/tusecretariatecnica.com\/en\/\" class=\"read-more-btn btn btn-small\">Read More<span class=\"screen-reader-text\">Full Screen Video MP<\/span><\/a><\/p>\n","protected":false},"author":1,"featured_media":0,"parent":0,"menu_order":0,"comment_status":"closed","ping_status":"closed","template":"page-vc.php","meta":{"_acf_changed":false,"inline_featured_image":false,"footnotes":""},"class_list":["post-5152","page","type-page","status-publish","hentry"],"acf":[],"_links":{"self":[{"href":"https:\/\/tusecretariatecnica.com\/en\/wp-json\/wp\/v2\/pages\/5152","targetHints":{"allow":["GET"]}}],"collection":[{"href":"https:\/\/tusecretariatecnica.com\/en\/wp-json\/wp\/v2\/pages"}],"about":[{"href":"https:\/\/tusecretariatecnica.com\/en\/wp-json\/wp\/v2\/types\/page"}],"author":[{"embeddable":true,"href":"https:\/\/tusecretariatecnica.com\/en\/wp-json\/wp\/v2\/users\/1"}],"replies":[{"embeddable":true,"href":"https:\/\/tusecretariatecnica.com\/en\/wp-json\/wp\/v2\/comments?post=5152"}],"version-history":[{"count":5,"href":"https:\/\/tusecretariatecnica.com\/en\/wp-json\/wp\/v2\/pages\/5152\/revisions"}],"predecessor-version":[{"id":5220,"href":"https:\/\/tusecretariatecnica.com\/en\/wp-json\/wp\/v2\/pages\/5152\/revisions\/5220"}],"wp:attachment":[{"href":"https:\/\/tusecretariatecnica.com\/en\/wp-json\/wp\/v2\/media?parent=5152"}],"curies":[{"name":"wp","href":"https:\/\/api.w.org\/{rel}","templated":true}]}}